{"id":533,"date":"2025-12-08T00:19:12","date_gmt":"2025-12-07T23:19:12","guid":{"rendered":"https:\/\/shiva-garden.de\/about-us-2\/"},"modified":"2026-04-06T13:48:34","modified_gmt":"2026-04-06T11:48:34","slug":"shiva-garden-indian-restaurant-in-villingen","status":"publish","type":"page","link":"https:\/\/shiva-garden.de\/shiva-garden-indian-restaurant-in-villingen\/","title":{"rendered":"About Us"},"content":{"rendered":"\n<div class=\"wp-block-uagb-container uagb-block-b846c9c7 alignfull uagb-is-root-container\"><div class=\"uagb-container__shape uagb-container__shape-bottom uagb-container__invert\" data-negative=\"false\"><svg xmlns=\"https:\/\/www.w3.org\/2000\/svg\" viewBox=\"0 0 700 10\" preserveAspectRatio=\"none\"><path class=\"uagb-container__shape-fill\" d=\"M350,10L340,0h20L350,10z\"><\/path><\/svg><\/div><div class=\"uagb-container-inner-blocks-wrap\">\n<div class=\"wp-block-uagb-info-box uagb-block-070b664c uagb-infobox__content-wrap  uagb-infobox-icon-above-title uagb-infobox-image-valign-top wp-block-uagb-info-box--has-margin\"><div class=\"uagb-infobox-margin-wrapper\"><div class=\"uagb-ifb-content\"><div class=\"uagb-ifb-image-content\"><img decoding=\"async\" src=\"https:\/\/shiva-garden.de\/wp-content\/uploads\/2025\/12\/divider-free-img-1-150x35-1.png\" alt=\"\" width=\"200\" height=\"46\" loading=\"lazy\"\/><\/div><div class=\"uagb-ifb-title-wrap\"><h3 class=\"uagb-ifb-title-prefix\"><a href=\"https:\/\/shiva-garden.de\/kontaktinformationen-contact-info-shivas-garden-villingen-schwenningen\/\" data-type=\"link\" data-id=\"https:\/\/shiva-garden.de\/kontaktinformationen-contact-info-shivas-garden-villingen-schwenningen\/\">Mehr erfahren<\/a><\/h3><h1 class=\"uagb-ifb-title\">\u00dcber uns<br><\/h1><\/div><p class=\"uagb-ifb-desc\">Wir sind seit 33 Jahren im Gesch\u00e4ft.<\/p><\/div><\/div><\/div>\n<\/div><\/div>\n\n\n\n<p class=\"has-text-align-center\">Das Shiva Garden Indian Restaurant in Villingen ist ein Ort, den Sie nicht verpassen sollten.<\/p>\n\n\n\n<div class=\"wp-block-uagb-container uagb-block-68c5db3e alignfull uagb-is-root-container\"><div class=\"uagb-container-inner-blocks-wrap\">\n<div class=\"wp-block-uagb-info-box uagb-block-9fc28a98 uagb-infobox__content-wrap  uagb-infobox-icon-above-title uagb-infobox-image-valign-top\"><div class=\"uagb-ifb-content\"><div class=\"uagb-ifb-title-wrap\"><h2 class=\"uagb-ifb-title-prefix\">Unser Restaurant<\/h2><p class=\"uagb-ifb-title\">Wir servieren seit 1992 die besten indischen Speisen.<\/p><\/div><p class=\"uagb-ifb-desc\">Wir bedienen seit 2012 die wunderbaren Menschen aus<br>Villingen.<\/p><\/div><\/div>\n\n\n\n<div class=\"wp-block-uagb-image aligncenter uagb-block-99de7834 wp-block-uagb-image--layout-default wp-block-uagb-image--effect-static wp-block-uagb-image--align-center\"><figure class=\"wp-block-uagb-image__figure\"><img decoding=\"async\" srcset=\"https:\/\/shiva-garden.de\/wp-content\/uploads\/2018\/10\/divider-free-img-1.png \" sizes=\"auto, (max-width: 480px) 150px\" src=\"https:\/\/shiva-garden.de\/wp-content\/uploads\/2018\/10\/divider-free-img-1.png\" alt=\"\" class=\"uag-image-12\" width=\"200\" height=\"35\" title=\"\" loading=\"lazy\" role=\"img\"\/><\/figure><\/div>\n\n\n\n<div class=\"wp-block-uagb-advanced-heading uagb-block-67f279d6\"><p class=\"uagb-desc-text\">Jedes Gericht im Shiva\u2019s Garden ist eine Feier der Authentizit\u00e4t. Wir verwenden traditionelle Rezepte, die \u00fcber Generationen weitergegeben wurden, und w\u00e4hlen jede Zutat sorgf\u00e4ltig nach Geschmack, Aroma und Qualit\u00e4t aus. Vom ersten Bissen unseres cremigen Butter Chicken bis zur feinen Gew\u00fcrzbalance unserer Biryanis \u2013 jeder Geschmack erz\u00e4hlt eine Geschichte von Tradition, Handwerkskunst und Leidenschaft. Unsere K\u00f6che, mit langj\u00e4hriger Erfahrung in der indischen K\u00fcche, sorgen daf\u00fcr, dass jedes Gericht eine perfekte Harmonie aus Geschmack und Textur bietet.<br>Unsere Speisekarte ist eine kulinarische Reise durch Indiens vielf\u00e4ltige K\u00fcchenlandschaft. Beginnen Sie mit unseren knusprigen Samosas, gef\u00fcllt mit gew\u00fcrzten Kartoffeln und Erbsen, oder genie\u00dfen Sie unser reichhaltiges, cremiges Dal Makhani. F\u00fcr alle, die etwas Besonderes suchen, bieten unsere Tandoori-Spezialit\u00e4ten \u2013 wie das saftige Chicken Tikka oder das rauchige Paneer Tikka \u2013 ein authentisches Geschmackserlebnis. Auch Vegetarier kommen bei uns voll auf ihre Kosten, zum Beispiel mit Malai Kofta, Chana Masala oder Palak Paneer. Jeder Bissen ist eine Hommage an die lebendigen Aromen Indiens.<br>Doch es geht nicht nur um das Essen, sondern auch um das Erlebnis. Im Shiva\u2019s Garden haben wir einen Ort geschaffen, an dem Menschen zusammenkommen \u2013 nicht nur zum Essen, sondern auch zum Lachen, Feiern und um bleibende Erinnerungen zu schaffen. Ob Familienfeier, romantisches Abendessen oder Gruppenveranstaltung \u2013 unser Restaurant ist ein Ort der Gem\u00fctlichkeit und Begegnung. Jedes Detail, von der warmen Beleuchtung bis zu den aromatischen Gew\u00fcrzen, l\u00e4dt dazu ein, zu verweilen und den Moment zu genie\u00dfen.<br>Wir sind au\u00dferdem stolz darauf, f\u00fcr jeden Gast passende Optionen anzubieten. Unsere Speisekarte umfasst glutenfreie Gerichte, vegane Spezialit\u00e4ten sowie milde Gew\u00fcrzvarianten, damit sich jeder bei uns willkommen und wohlf\u00fchlt.<\/p><\/div>\n\n\n\t\t\t\t\t<div\n\t\t\t\t\t\tclass=\"wp-block-uagb-image-gallery uagb-block-82c8641e     \"\n\t\t\t\t\t\tstyle=\"\"\n\t\t\t\t\t>\n\t\t\t\t\t\t\t\t\t\t\t<div class=\"spectra-image-gallery spectra-image-gallery__layout--carousel\">\n\t\t\t\t\t\t\t\t<div class=\"uagb-slick-carousel uagb-block-82c8641e\">\n\t\t\t\t\t\t\t\t\t\t\t\t<div class='spectra-image-gallery__media-wrapper' data-spectra-gallery-image-id='4843'>\n\t\t\t\t\t\t\t<div class=\"spectra-image-gallery__media spectra-image-gallery__media--carousel\">\n\t\t\t\t<picture>\n\t\t\t\t\t<source media=\"(min-width: 1024px)\" srcset=\"https:\/\/shiva-garden.de\/wp-content\/uploads\/2025\/12\/WhatsApp-Image-2025-12-07-at-16.40.15-8-1024x883.jpeg\">\n\t\t\t\t\t<source media=\"(min-width: 768px)\" srcset=\"https:\/\/shiva-garden.de\/wp-content\/uploads\/2025\/12\/WhatsApp-Image-2025-12-07-at-16.40.15-8-1024x883.jpeg\">\n\t\t\t\t\t<img decoding=\"async\" class=\"spectra-image-gallery__media-thumbnail spectra-image-gallery__media-thumbnail--carousel\" src=\"https:\/\/shiva-garden.de\/wp-content\/uploads\/2025\/12\/WhatsApp-Image-2025-12-07-at-16.40.15-8-300x259.jpeg\" alt=\"whatsapp image 2025 12 07 at 16.40.15 (8)\" loading=\"lazy\" \/>\n\t\t\t\t<\/picture>\n\t\t\t\t<div class=\"spectra-image-gallery__media-thumbnail-blurrer\"><\/div>\n\t\t\t\t\t\t\t\t\t\t\t<div class=\"spectra-image-gallery__media-thumbnail-caption-wrapper spectra-image-gallery__media-thumbnail-caption-wrapper--overlay\"><\/div>\n\t\t\t\t\t\t\t\t<\/div>\n\t\t\t\t\t\t<\/div>\n\t\t\t\t\t\t\t\t\t\t\t<\/div>\n\t\t\t\t\t\t\t<\/div>\n\t\t\t\t\t\t\t\t\t\t\t<\/div>\n\t\t\t\t\t\t\t\t\t<\/div><\/div>\n\n\n\n<div class=\"wp-block-uagb-advanced-heading uagb-block-3a1a8ea6\"><\/div>\n\n\n\n<div class=\"wp-block-uagb-advanced-heading uagb-block-bd74db51\"><\/div>\n\n\n\n<div class=\"wp-block-uagb-advanced-heading uagb-block-80188d72\"><\/div>\n\n\n\n<div class=\"wp-block-uagb-container uagb-block-b948ed77 alignfull uagb-is-root-container\"><div class=\"uagb-container-inner-blocks-wrap\">\n<div class=\"wp-block-uagb-info-box uagb-block-c36533e3 uagb-infobox__content-wrap  uagb-infobox-icon-above-title uagb-infobox-image-valign-top wp-block-uagb-info-box--has-margin\"><div class=\"uagb-infobox-margin-wrapper\"><div class=\"uagb-ifb-content\"><div class=\"uagb-ifb-title-wrap\"><span class=\"uagb-ifb-title-prefix\">Ein paar Worte \u00fcber uns<\/span><h6 class=\"uagb-ifb-title\">Wir essen zusammen, wir genie\u00dfen zusammen, wir schaffen gemeinsam Erinnerungen.<\/h6><\/div><div class=\"uagb-ifb-separator\"><\/div><p class=\"uagb-ifb-desc\">Unsere Reise begann mit einer einfachen Idee:<br>den echten Geschmack Indiens nach Villingen zu bringen.<br>Was als kleiner Familientraum begann, ist zu einem Restaurant geworden, das von Einheimischen und Besuchern gleicherma\u00dfen gesch\u00e4tzt wird.<br>Jedes Gericht erz\u00e4hlt eine Geschichte von Tradition, Handwerkskunst und Leidenschaft, die \u00fcber Generationen weitergegeben wurde.<br>Heute ist Shiva\u2019s Garden ein Ort, an dem Menschen zusammenkommen \u2013 um zu essen, zu lachen, zu feiern und Erinnerungen zu schaffen.<\/p><div class=\"uagb-ifb-button-wrapper wp-block-button\"><a href=\"https:\/\/shiva-garden.de\/?page_id=535&amp;lang=en\" class=\"uagb-infobox-cta-link wp-block-button__link\" target=\"_self\" rel=\"noopener noreferrer\" onclick=\"return true;\"><span class=\"uagb-inline-editing\">View Menu<\/span><\/a><\/div><\/div><\/div><\/div>\n\n\n\n<div class=\"wp-block-uagb-container uagb-block-fca92140\">\n<div class=\"wp-block-uagb-info-box uagb-block-210a180c uagb-infobox__content-wrap  uagb-infobox-icon-above-title uagb-infobox-image-valign-top\"><div class=\"uagb-ifb-content\"><div class=\"uagb-ifb-icon-wrap\"><svg xmlns=\"https:\/\/www.w3.org\/2000\/svg\" viewBox=\"0 0 640 512\"><path d=\"M319.1 351.1c-35.35 0-64 28.66-64 64.01s28.66 64.01 64 64.01c35.34 0 64-28.66 64-64.01S355.3 351.1 319.1 351.1zM320 191.1c-70.25 0-137.9 25.6-190.5 72.03C116.3 275.7 115 295.9 126.7 309.2C138.5 322.4 158.7 323.7 171.9 312C212.8 275.9 265.4 256 320 256s107.3 19.88 148.1 56C474.2 317.4 481.8 320 489.3 320c8.844 0 17.66-3.656 24-10.81C525 295.9 523.8 275.7 510.5 264C457.9 217.6 390.3 191.1 320 191.1zM630.2 156.7C546.3 76.28 436.2 32 320 32S93.69 76.28 9.844 156.7c-12.75 12.25-13.16 32.5-.9375 45.25c12.22 12.78 32.47 13.12 45.25 .9375C125.1 133.1 220.4 96 320 96s193.1 37.97 265.8 106.9C592.1 208.8 600 211.8 608 211.8c8.406 0 16.81-3.281 23.09-9.844C643.3 189.2 642.9 168.1 630.2 156.7z\"><\/path><\/svg><\/div><div class=\"uagb-ifb-title-wrap\"><h4 class=\"uagb-ifb-title\">Free WiFi For Everyone<\/h4><\/div><p class=\"uagb-ifb-desc\">Ask for password to any staff<\/p><\/div><\/div>\n<\/div>\n<\/div><\/div>\n","protected":false},"excerpt":{"rendered":"<p>Das Shiva Garden Indian Restaurant in Villingen ist ein Ort, den Sie nicht verpassen sollten. Jedes Gericht im Shiva\u2019s Garden ist eine Feier der Authentizit\u00e4t. Wir verwenden traditionelle Rezepte, die \u00fcber Generationen weitergegeben wurden, und w\u00e4hlen jede Zutat sorgf\u00e4ltig nach Geschmack, Aroma und Qualit\u00e4t aus. Vom ersten Bissen unseres cremigen Butter Chicken bis zur feinen [&hellip;]<\/p>\n","protected":false},"author":2,"featured_media":0,"parent":0,"menu_order":0,"comment_status":"closed","ping_status":"closed","template":"","meta":{"_uag_custom_page_level_css":"","site-sidebar-layout":"no-sidebar","site-content-layout":"plain-container","ast-site-content-layout":"full-width-container","site-content-style":"unboxed","site-sidebar-style":"unboxed","ast-global-header-display":"","ast-banner-title-visibility":"","ast-main-header-display":"","ast-hfb-above-header-display":"","ast-hfb-below-header-display":"","ast-hfb-mobile-header-display":"","site-post-title":"disabled","ast-breadcrumbs-content":"","ast-featured-img":"disabled","footer-sml-layout":"","ast-disable-related-posts":"","theme-transparent-header-meta":"default","adv-header-id-meta":"","stick-header-meta":"","header-above-stick-meta":"","header-main-stick-meta":"","header-below-stick-meta":"","astra-migrate-meta-layouts":"set","ast-page-background-enabled":"default","ast-page-background-meta":{"desktop":{"background-color":"","background-image":"","background-repeat":"repeat","background-position":"center center","background-size":"auto","background-attachment":"scroll","background-type":"","background-media":"","overlay-type":"","overlay-color":"","overlay-opacity":"","overlay-gradient":""},"tablet":{"background-color":"","background-image":"","background-repeat":"repeat","background-position":"center center","background-size":"auto","background-attachment":"scroll","background-type":"","background-media":"","overlay-type":"","overlay-color":"","overlay-opacity":"","overlay-gradient":""},"mobile":{"background-color":"","background-image":"","background-repeat":"repeat","background-position":"center center","background-size":"auto","background-attachment":"scroll","background-type":"","background-media":"","overlay-type":"","overlay-color":"","overlay-opacity":"","overlay-gradient":""}},"ast-content-background-meta":{"desktop":{"background-color":"var(--ast-global-color-5)","background-image":"","background-repeat":"repeat","background-position":"center center","background-size":"auto","background-attachment":"scroll","background-type":"","background-media":"","overlay-type":"","overlay-color":"","overlay-opacity":"","overlay-gradient":""},"tablet":{"background-color":"var(--ast-global-color-5)","background-image":"","background-repeat":"repeat","background-position":"center center","background-size":"auto","background-attachment":"scroll","background-type":"","background-media":"","overlay-type":"","overlay-color":"","overlay-opacity":"","overlay-gradient":""},"mobile":{"background-color":"var(--ast-global-color-5)","background-image":"","background-repeat":"repeat","background-position":"center center","background-size":"auto","background-attachment":"scroll","background-type":"","background-media":"","overlay-type":"","overlay-color":"","overlay-opacity":"","overlay-gradient":""}},"footnotes":""},"class_list":["post-533","page","type-page","status-publish","hentry"],"uagb_featured_image_src":{"full":false,"thumbnail":false,"medium":false,"medium_large":false,"large":false,"wpsimplegallery_admin_thumb":false,"wpsimplegallery_thumb":false,"etfrtb_logo":false,"1536x1536":false,"2048x2048":false,"woocommerce_thumbnail":false,"woocommerce_single":false,"woocommerce_gallery_thumbnail":false},"uagb_author_info":{"display_name":"valentina","author_link":"https:\/\/shiva-garden.de\/author\/valentina\/"},"uagb_comment_info":0,"uagb_excerpt":"Das Shiva Garden Indian Restaurant in Villingen ist ein Ort, den Sie nicht verpassen sollten. Jedes Gericht im Shiva\u2019s Garden ist eine Feier der Authentizit\u00e4t. Wir verwenden traditionelle Rezepte, die \u00fcber Generationen weitergegeben wurden, und w\u00e4hlen jede Zutat sorgf\u00e4ltig nach Geschmack, Aroma und Qualit\u00e4t aus. Vom ersten Bissen unseres cremigen Butter Chicken bis zur feinen&hellip;","_links":{"self":[{"href":"https:\/\/shiva-garden.de\/wp-json\/wp\/v2\/pages\/533","targetHints":{"allow":["GET"]}}],"collection":[{"href":"https:\/\/shiva-garden.de\/wp-json\/wp\/v2\/pages"}],"about":[{"href":"https:\/\/shiva-garden.de\/wp-json\/wp\/v2\/types\/page"}],"author":[{"embeddable":true,"href":"https:\/\/shiva-garden.de\/wp-json\/wp\/v2\/users\/2"}],"replies":[{"embeddable":true,"href":"https:\/\/shiva-garden.de\/wp-json\/wp\/v2\/comments?post=533"}],"version-history":[{"count":20,"href":"https:\/\/shiva-garden.de\/wp-json\/wp\/v2\/pages\/533\/revisions"}],"predecessor-version":[{"id":5349,"href":"https:\/\/shiva-garden.de\/wp-json\/wp\/v2\/pages\/533\/revisions\/5349"}],"wp:attachment":[{"href":"https:\/\/shiva-garden.de\/wp-json\/wp\/v2\/media?parent=533"}],"curies":[{"name":"wp","href":"https:\/\/api.w.org\/{rel}","templated":true}]}}